{"id":366,"date":"2025-06-05T15:50:01","date_gmt":"2025-06-05T15:50:01","guid":{"rendered":"https:\/\/venufarma.com\/product\/makeup-melting-cleanser\/"},"modified":"2025-09-27T21:40:37","modified_gmt":"2025-09-27T21:40:37","slug":"eau-thermale-gel-de-agua","status":"publish","type":"product","link":"https:\/\/venufarma.com\/es\/producto\/eau-thermale-gel-de-agua\/","title":{"rendered":"EAU THERMALE GEL DE AGUA 40ML"},"content":{"rendered":"<p data-start=\"180\" data-end=\"557\"><strong data-start=\"180\" data-end=\"220\">Eau Thermale Uriage Gel de Agua 40ml<\/strong> es un gel facial ultra hidratante que recarga la piel con agua termal, restaurando su barrera natural y proporcionando una sensaci\u00f3n de frescura inmediata. Enriquecido con <strong data-start=\"393\" data-end=\"414\">\u00c1cido Hialur\u00f3nico<\/strong>, <strong data-start=\"416\" data-end=\"433\">Aquaspongines<\/strong> y el exclusivo <strong data-start=\"449\" data-end=\"474\">Agua Termal de Uriage<\/strong>, este gel ligero y de r\u00e1pida absorci\u00f3n mantiene la hidrataci\u00f3n por hasta 24 horas.<\/p>\n<p data-start=\"559\" data-end=\"797\">Ideal para pieles deshidratadas, cansadas o expuestas a factores ambientales como el sol, el viento o el estr\u00e9s urbano. Su textura fresca tipo \u201csorbete\u201d es perfecta como crema de d\u00eda, base de maquillaje o incluso como mascarilla nocturna.<\/p>","protected":false},"excerpt":{"rendered":"<p>Gel facial hidratante intensivo con agua termal de Uriage. Refresca, suaviza y mantiene la piel hidratada hasta 24 horas.<\/p>","protected":false},"featured_media":1309,"comment_status":"open","ping_status":"closed","template":"","meta":{"site-sidebar-layout":"default","site-content-layout":"content-boxed-container","ast-site-content-layout":"normal-width-container","site-content-style":"boxed","site-sidebar-style":"unboxed","ast-global-header-display":"","ast-banner-title-visibility":"","ast-main-header-display":"","ast-hfb-above-header-display":"","ast-hfb-below-header-display":"","ast-hfb-mobile-header-display":"","site-post-title":"","ast-breadcrumbs-content":"","ast-featured-img":"","footer-sml-layout":"","ast-disable-related-posts":"","theme-transparent-header-meta":"default","adv-header-id-meta":"","stick-header-meta":"","header-above-stick-meta":"","header-main-stick-meta":"","header-below-stick-meta":"","astra-migrate-meta-layouts":"set","ast-page-background-enabled":"default","ast-page-background-meta":{"desktop":{"background-color":"var(--ast-global-color-4)","background-image":"","background-repeat":"repeat","background-position":"center center","background-size":"auto","background-attachment":"scroll","background-type":"","background-media":"","overlay-type":"","overlay-color":"","overlay-opacity":"","overlay-gradient":""},"tablet":{"background-color":"","background-image":"","background-repeat":"repeat","background-position":"center center","background-size":"auto","background-attachment":"scroll","background-type":"","background-media":"","overlay-type":"","overlay-color":"","overlay-opacity":"","overlay-gradient":""},"mobile":{"background-color":"","background-image":"","background-repeat":"repeat","background-position":"center center","background-size":"auto","background-attachment":"scroll","background-type":"","background-media":"","overlay-type":"","overlay-color":"","overlay-opacity":"","overlay-gradient":""}},"ast-content-background-meta":{"desktop":{"background-color":"var(--ast-global-color-5)","background-image":"","background-repeat":"repeat","background-position":"center center","background-size":"auto","background-attachment":"scroll","background-type":"","background-media":"","overlay-type":"","overlay-color":"","overlay-opacity":"","overlay-gradient":""},"tablet":{"background-color":"var(--ast-global-color-5)","background-image":"","background-repeat":"repeat","background-position":"center center","background-size":"auto","background-attachment":"scroll","background-type":"","background-media":"","overlay-type":"","overlay-color":"","overlay-opacity":"","overlay-gradient":""},"mobile":{"background-color":"var(--ast-global-color-5)","background-image":"","background-repeat":"repeat","background-position":"center center","background-size":"auto","background-attachment":"scroll","background-type":"","background-media":"","overlay-type":"","overlay-color":"","overlay-opacity":"","overlay-gradient":""}}},"product_brand":[],"product_cat":[19],"product_tag":[],"class_list":{"0":"post-366","1":"product","2":"type-product","3":"status-publish","4":"has-post-thumbnail","6":"product_cat-limpiador","7":"desktop-align-left","8":"tablet-align-left","9":"mobile-align-left","11":"first","12":"instock","13":"taxable","14":"shipping-taxable","15":"purchasable","16":"product-type-simple"},"_links":{"self":[{"href":"https:\/\/venufarma.com\/es\/wp-json\/wp\/v2\/product\/366","targetHints":{"allow":["GET"]}}],"collection":[{"href":"https:\/\/venufarma.com\/es\/wp-json\/wp\/v2\/product"}],"about":[{"href":"https:\/\/venufarma.com\/es\/wp-json\/wp\/v2\/types\/product"}],"replies":[{"embeddable":true,"href":"https:\/\/venufarma.com\/es\/wp-json\/wp\/v2\/comments?post=366"}],"wp:featuredmedia":[{"embeddable":true,"href":"https:\/\/venufarma.com\/es\/wp-json\/wp\/v2\/media\/1309"}],"wp:attachment":[{"href":"https:\/\/venufarma.com\/es\/wp-json\/wp\/v2\/media?parent=366"}],"wp:term":[{"taxonomy":"product_brand","embeddable":true,"href":"https:\/\/venufarma.com\/es\/wp-json\/wp\/v2\/product_brand?post=366"},{"taxonomy":"product_cat","embeddable":true,"href":"https:\/\/venufarma.com\/es\/wp-json\/wp\/v2\/product_cat?post=366"},{"taxonomy":"product_tag","embeddable":true,"href":"https:\/\/venufarma.com\/es\/wp-json\/wp\/v2\/product_tag?post=366"}],"curies":[{"name":"wp","href":"https:\/\/api.w.org\/{rel}","templated":true}]}}