{"id":339,"date":"2025-06-05T15:50:01","date_gmt":"2025-06-05T15:50:01","guid":{"rendered":"https:\/\/venufarma.com\/product\/almond-milk-lotion\/"},"modified":"2025-08-19T18:11:25","modified_gmt":"2025-08-19T18:11:25","slug":"mitosyl-pomada","status":"publish","type":"product","link":"https:\/\/venufarma.com\/es\/producto\/mitosyl-pomada\/","title":{"rendered":"MITOSYL POMADA 145 GR"},"content":{"rendered":"<p data-start=\"176\" data-end=\"211\"><strong data-start=\"176\" data-end=\"211\">Mitosyl Pomada Protectora 145 g<\/strong><\/p>\n<p data-start=\"213\" data-end=\"536\">Mitosyl es una pomada dermatol\u00f3gicamente formulada para proteger y calmar la piel delicada. Gracias a su combinaci\u00f3n de <strong data-start=\"333\" data-end=\"350\">\u00f3xido de zinc<\/strong> y <strong data-start=\"353\" data-end=\"384\">aceite de h\u00edgado de bacalao<\/strong>, ayuda a prevenir irritaciones, enrojecimientos y escoceduras, especialmente en la zona del pa\u00f1al, pero tambi\u00e9n en pieles sensibles de ni\u00f1os y adultos.<\/p>\n<p data-start=\"538\" data-end=\"549\">Ideal para:<\/p>\n<ul data-start=\"550\" data-end=\"642\">\n<li data-start=\"550\" data-end=\"579\">\n<p data-start=\"552\" data-end=\"579\">Irritaciones cut\u00e1neas leves<\/p>\n<\/li>\n<li data-start=\"580\" data-end=\"605\">\n<p data-start=\"582\" data-end=\"605\">Rozaduras y escoceduras<\/p>\n<\/li>\n<li data-start=\"606\" data-end=\"642\">\n<p data-start=\"608\" data-end=\"642\">Cuidado diario de la piel del beb\u00e9<\/p>\n<\/li>\n<\/ul>\n<p data-start=\"644\" data-end=\"725\"><strong data-start=\"644\" data-end=\"725\">Uso diario recomendado. Textura suave, no grasa. Apta para todo tipo de piel.<\/strong><\/p>","protected":false},"excerpt":{"rendered":"<p>Pomada protectora y reparadora para la piel delicada. Ideal para prevenir y aliviar irritaciones, escoceduras y rozaduras. Apta para beb\u00e9s, ni\u00f1os y adultos.<\/p>","protected":false},"featured_media":1302,"comment_status":"open","ping_status":"closed","template":"","meta":{"site-sidebar-layout":"default","site-content-layout":"content-boxed-container","ast-site-content-layout":"normal-width-container","site-content-style":"boxed","site-sidebar-style":"unboxed","ast-global-header-display":"","ast-banner-title-visibility":"","ast-main-header-display":"","ast-hfb-above-header-display":"","ast-hfb-below-header-display":"","ast-hfb-mobile-header-display":"","site-post-title":"","ast-breadcrumbs-content":"","ast-featured-img":"","footer-sml-layout":"","ast-disable-related-posts":"","theme-transparent-header-meta":"default","adv-header-id-meta":"","stick-header-meta":"","header-above-stick-meta":"","header-main-stick-meta":"","header-below-stick-meta":"","astra-migrate-meta-layouts":"set","ast-page-background-enabled":"default","ast-page-background-meta":{"desktop":{"background-color":"var(--ast-global-color-4)","background-image":"","background-repeat":"repeat","background-position":"center center","background-size":"auto","background-attachment":"scroll","background-type":"","background-media":"","overlay-type":"","overlay-color":"","overlay-opacity":"","overlay-gradient":""},"tablet":{"background-color":"","background-image":"","background-repeat":"repeat","background-position":"center center","background-size":"auto","background-attachment":"scroll","background-type":"","background-media":"","overlay-type":"","overlay-color":"","overlay-opacity":"","overlay-gradient":""},"mobile":{"background-color":"","background-image":"","background-repeat":"repeat","background-position":"center center","background-size":"auto","background-attachment":"scroll","background-type":"","background-media":"","overlay-type":"","overlay-color":"","overlay-opacity":"","overlay-gradient":""}},"ast-content-background-meta":{"desktop":{"background-color":"var(--ast-global-color-5)","background-image":"","background-repeat":"repeat","background-position":"center center","background-size":"auto","background-attachment":"scroll","background-type":"","background-media":"","overlay-type":"","overlay-color":"","overlay-opacity":"","overlay-gradient":""},"tablet":{"background-color":"var(--ast-global-color-5)","background-image":"","background-repeat":"repeat","background-position":"center center","background-size":"auto","background-attachment":"scroll","background-type":"","background-media":"","overlay-type":"","overlay-color":"","overlay-opacity":"","overlay-gradient":""},"mobile":{"background-color":"var(--ast-global-color-5)","background-image":"","background-repeat":"repeat","background-position":"center center","background-size":"auto","background-attachment":"scroll","background-type":"","background-media":"","overlay-type":"","overlay-color":"","overlay-opacity":"","overlay-gradient":""}}},"product_brand":[],"product_cat":[17],"product_tag":[],"class_list":{"0":"post-339","1":"product","2":"type-product","3":"status-publish","4":"has-post-thumbnail","6":"product_cat-crema-corporal","7":"desktop-align-left","8":"tablet-align-left","9":"mobile-align-left","11":"first","12":"instock","13":"taxable","14":"shipping-taxable","15":"purchasable","16":"product-type-simple"},"_links":{"self":[{"href":"https:\/\/venufarma.com\/es\/wp-json\/wp\/v2\/product\/339","targetHints":{"allow":["GET"]}}],"collection":[{"href":"https:\/\/venufarma.com\/es\/wp-json\/wp\/v2\/product"}],"about":[{"href":"https:\/\/venufarma.com\/es\/wp-json\/wp\/v2\/types\/product"}],"replies":[{"embeddable":true,"href":"https:\/\/venufarma.com\/es\/wp-json\/wp\/v2\/comments?post=339"}],"wp:featuredmedia":[{"embeddable":true,"href":"https:\/\/venufarma.com\/es\/wp-json\/wp\/v2\/media\/1302"}],"wp:attachment":[{"href":"https:\/\/venufarma.com\/es\/wp-json\/wp\/v2\/media?parent=339"}],"wp:term":[{"taxonomy":"product_brand","embeddable":true,"href":"https:\/\/venufarma.com\/es\/wp-json\/wp\/v2\/product_brand?post=339"},{"taxonomy":"product_cat","embeddable":true,"href":"https:\/\/venufarma.com\/es\/wp-json\/wp\/v2\/product_cat?post=339"},{"taxonomy":"product_tag","embeddable":true,"href":"https:\/\/venufarma.com\/es\/wp-json\/wp\/v2\/product_tag?post=339"}],"curies":[{"name":"wp","href":"https:\/\/api.w.org\/{rel}","templated":true}]}}